{"id":179,"date":"2023-10-30T18:34:27","date_gmt":"2023-10-30T17:34:27","guid":{"rendered":"https:\/\/labcs.fr\/?page_id=179"},"modified":"2023-11-24T11:49:54","modified_gmt":"2023-11-24T10:49:54","slug":"bureau","status":"publish","type":"page","link":"https:\/\/labcs.fr\/index.php\/bureau\/","title":{"rendered":"Bureau"},"content":{"rendered":"\n    \n    <section class=\"u-align-center u-clearfix u-section-2\" id=\"sec-8eda\">\n      <div class=\"u-clearfix u-sheet u-sheet-1\">\n        <h1 class=\"u-text u-text-custom-color-1 u-text-default u-text-1\">Bureau<br>\n        <\/h1>\n        <p class=\"u-text u-text-custom-color-1 u-text-default u-text-2\">Composition du bureau des Amis du Bouling Club St\u00e9phanois <br>\n        <\/p>\n        <div class=\"u-expanded-width u-list u-list-1\">\n          <div class=\"u-repeater u-repeater-1\">\n            <div class=\"u-align-center u-container-style u-list-item u-opacity u-opacity-10 u-palette-1-base u-repeater-item u-list-item-1\">\n              <div class=\"u-container-layout u-similar-container u-container-layout-1\">\n                <div alt=\"\" class=\"u-image u-image-circle u-image-1\" data-image-width=\"756\" data-image-height=\"1008\" style=\"background-image: url(&quot;https:\/\/labcs.fr\/wp-content\/uploads\/2023\/11\/lara.jpg&quot;);\"><\/div>\n                <h4 class=\"u-align-center u-text u-text-custom-color-1 u-text-default u-text-3\">LARA Patrice<br>\n                <\/h4>\n                <p class=\"u-text u-text-default u-text-palette-2-base u-text-4\">Pr\u00e9sident<\/p>\n              <\/div>\n            <\/div>\n            <div class=\"u-align-center u-container-style u-list-item u-opacity u-opacity-10 u-palette-1-base u-repeater-item u-list-item-2\">\n              <div class=\"u-container-layout u-similar-container u-container-layout-2\">\n                <div alt=\"\" class=\"u-image u-image-circle u-image-2\" data-image-width=\"480\" data-image-height=\"640\" style=\"background-image: url(&quot;https:\/\/labcs.fr\/wp-content\/uploads\/2023\/10\/riba-rotated.jpeg&quot;);\"><\/div>\n                <h4 class=\"u-align-center u-text u-text-custom-color-1 u-text-default u-text-5\">RIBA Jean Pierre<br>\n                <\/h4>\n                <p class=\"u-text u-text-default u-text-palette-2-base u-text-6\">Vice-p\u00e9sident<\/p>\n              <\/div>\n            <\/div>\n            <div class=\"u-align-center u-container-style u-list-item u-opacity u-opacity-10 u-palette-1-base u-repeater-item u-list-item-3\">\n              <div class=\"u-container-layout u-similar-container u-container-layout-3\">\n                <div alt=\"\" class=\"u-image u-image-circle u-image-3\" data-image-width=\"640\" data-image-height=\"640\" style=\"background-image: url(&quot;https:\/\/labcs.fr\/wp-content\/uploads\/2023\/10\/mileur-rotated.jpeg&quot;);\"><\/div>\n                <h4 class=\"u-align-center u-text u-text-custom-color-1 u-text-default u-text-7\">MILER Louis<br>\n                <\/h4>\n                <p class=\"u-text u-text-default u-text-palette-2-base u-text-8\">Secr\u00e9taire<\/p>\n              <\/div>\n            <\/div>\n            <div class=\"u-align-center u-container-style u-list-item u-opacity u-opacity-10 u-palette-1-base u-repeater-item u-list-item-4\">\n              <div class=\"u-container-layout u-similar-container u-container-layout-4\">\n                <div alt=\"\" class=\"u-image u-image-circle u-image-4\" data-image-width=\"640\" data-image-height=\"640\" style=\"background-image: url(&quot;https:\/\/labcs.fr\/wp-content\/uploads\/2023\/10\/ruiz-rotated.jpeg&quot;);\"><\/div>\n                <h4 class=\"u-align-center u-text u-text-custom-color-1 u-text-default u-text-9\">RUIZ&nbsp; Manuel<br>\n                <\/h4>\n                <p class=\"u-text u-text-default u-text-palette-2-base u-text-10\">Secr\u00e9taire adjoint<br>\n                <\/p>\n              <\/div>\n            <\/div>\n            <div class=\"u-align-center u-container-style u-list-item u-opacity u-opacity-10 u-palette-1-base u-repeater-item u-list-item-5\">\n              <div class=\"u-container-layout u-similar-container u-container-layout-5\">\n                <div alt=\"\" class=\"u-image u-image-circle u-image-5\" data-image-width=\"640\" data-image-height=\"640\" style=\"background-image: url(&quot;https:\/\/labcs.fr\/wp-content\/uploads\/2023\/10\/termollon-rotated.jpeg&quot;);\"><\/div>\n                <h4 class=\"u-align-center u-text u-text-custom-color-1 u-text-default u-text-11\">TERRILLON Gilles<br>\n                <\/h4>\n                <p class=\"u-text u-text-default u-text-palette-2-base u-text-12\">Tr\u00e9sorier<\/p>\n              <\/div>\n            <\/div>\n            <div class=\"u-align-center u-container-style u-list-item u-opacity u-opacity-10 u-palette-1-base u-repeater-item u-list-item-6\">\n              <div class=\"u-container-layout u-similar-container u-container-layout-6\">\n                <div alt=\"\" class=\"u-image u-image-circle u-image-6\" data-image-width=\"480\" data-image-height=\"640\" style=\"background-image: url(&quot;https:\/\/labcs.fr\/wp-content\/uploads\/2023\/10\/bouix-rotated.jpeg&quot;);\"><\/div>\n                <h4 class=\"u-align-center u-text u-text-custom-color-1 u-text-default u-text-13\">BOUIX Ren\u00e9<br>\n                <\/h4>\n                <p class=\"u-text u-text-default u-text-palette-2-base u-text-14\">Tr\u00e9sorier adjoint<br>\n                <\/p>\n              <\/div>\n            <\/div>\n          <\/div>\n        <\/div>\n      <\/div>\n    <\/section>\n    \n    \n    \n    \n  \n","protected":false},"excerpt":{"rendered":"<p>Bureau Composition du bureau des Amis du Bouling Club St\u00e9phanois LARA Patrice Pr\u00e9sident RIBA Jean Pierre Vice-p\u00e9sident MILER Louis Secr\u00e9taire RUIZ&nbsp; Manuel Secr\u00e9taire adjoint TERRILLON Gilles Tr\u00e9sorier BOUIX Ren\u00e9 Tr\u00e9sorier &hellip; <a href=\"https:\/\/labcs.fr\/index.php\/bureau\/\" class=\"more-link\">Continue reading<span class=\"screen-reader-text\"> &#8220;Bureau&#8221;<\/span><\/a><\/p>\n","protected":false},"author":1,"featured_media":0,"parent":0,"menu_order":0,"comment_status":"closed","ping_status":"closed","template":"","meta":{"footnotes":""},"class_list":["post-179","page","type-page","status-publish","hentry"],"_links":{"self":[{"href":"https:\/\/labcs.fr\/index.php\/wp-json\/wp\/v2\/pages\/179","targetHints":{"allow":["GET"]}}],"collection":[{"href":"https:\/\/labcs.fr\/index.php\/wp-json\/wp\/v2\/pages"}],"about":[{"href":"https:\/\/labcs.fr\/index.php\/wp-json\/wp\/v2\/types\/page"}],"author":[{"embeddable":true,"href":"https:\/\/labcs.fr\/index.php\/wp-json\/wp\/v2\/users\/1"}],"replies":[{"embeddable":true,"href":"https:\/\/labcs.fr\/index.php\/wp-json\/wp\/v2\/comments?post=179"}],"version-history":[{"count":6,"href":"https:\/\/labcs.fr\/index.php\/wp-json\/wp\/v2\/pages\/179\/revisions"}],"predecessor-version":[{"id":894,"href":"https:\/\/labcs.fr\/index.php\/wp-json\/wp\/v2\/pages\/179\/revisions\/894"}],"wp:attachment":[{"href":"https:\/\/labcs.fr\/index.php\/wp-json\/wp\/v2\/media?parent=179"}],"curies":[{"name":"wp","href":"https:\/\/api.w.org\/{rel}","templated":true}]}}