{"id":22,"date":"2023-10-29T11:24:04","date_gmt":"2023-10-29T10:24:04","guid":{"rendered":"https:\/\/labcs.fr\/?page_id=22"},"modified":"2023-11-24T14:28:59","modified_gmt":"2023-11-24T13:28:59","slug":"presentation","status":"publish","type":"page","link":"https:\/\/labcs.fr\/index.php\/presentation\/","title":{"rendered":"Pr\u00e9sentation"},"content":{"rendered":"\n    \n    <section class=\"u-clearfix u-section-2\" id=\"sec-a885\">\n      <div class=\"u-clearfix u-sheet u-sheet-1\">\n        <p class=\"u-align-center u-text u-text-custom-color-1 u-text-default u-text-1\">Pr\u00e9sentation de notre club de p\u00e9tanque \"Les amis du bouling Club <span style=\"text-decoration: underline !important;\"><\/span>St\u00e9phanois\"\n        <\/p>\n        <div class=\"data-layout-selected u-clearfix u-expanded-width-xs u-layout-wrap u-layout-wrap-1\">\n          <div class=\"u-layout\">\n            <div class=\"u-layout-row\">\n              <div class=\"u-container-align-center u-container-style u-image u-layout-cell u-size-30 u-image-1\" data-image-width=\"640\" data-image-height=\"480\" style=\"background-image: url(&quot;https:\/\/labcs.fr\/wp-content\/uploads\/2023\/10\/image5.jpeg&quot;);\">\n                <div class=\"u-container-layout u-container-layout-1\"><\/div>\n              <\/div>\n              <div class=\"u-align-justify u-container-style u-layout-cell u-size-30 u-layout-cell-2\">\n                <div class=\"u-container-layout u-container-layout-2\">\n                  <p class=\"u-text u-text-custom-color-1 u-text-default u-text-2\">\n                    <span style=\"font-weight: 700; font-size: 1.5rem;\">B<\/span>ienvenue sur le site du club de p\u00e9tanque \"Les amis du bouling Club St\u00e9phanois\" situ\u00e9 \u00e0 Saint-Est\u00e8ve ! <br>Nous sommes ravis de vous pr\u00e9senter notre club et de vous inviter \u00e0 nous rejoindre pour partager notre passion commune pour ce sport convivial et authentique.\nNotre club a \u00e9t\u00e9 fond\u00e9 en ao\u00fbt&nbsp; 2023 par un groupe d'amis passionn\u00e9s de p\u00e9tanque. Depuis lors, nous nous r\u00e9unissons r\u00e9guli\u00e8rement sur notre terrain situ\u00e9 au c\u0153ur de Saint-Est\u00e8ve pour pratiquer ce jeu embl\u00e9matique du sud de la France.\nNous accueillons des joueurs de tous niveaux, que vous soyez d\u00e9butant ou exp\u00e9riment\u00e9. Notre objectif est de promouvoir la p\u00e9tanque en tant que sport accessible \u00e0 tous, dans une ambiance conviviale et chaleureuse.\nEn plus de nos s\u00e9ances d'entra\u00eenement r\u00e9guli\u00e8res, nous organisons \u00e9galement des tournois internes et participons \u00e0 des comp\u00e9titions locales. C'est l'occasion id\u00e9ale de mettre en pratique vos comp\u00e9tences et de rencontrer d'autres passionn\u00e9s de p\u00e9tanque.\nSi vous souhaitez nous rejoindre, n'h\u00e9sitez pas \u00e0 nous contacter ou \u00e0 venir nous rendre visite lors de nos s\u00e9ances d'entra\u00eenement. Nous serons ravis de vous accueillir et de vous faire d\u00e9couvrir notre club et notre passion pour la p\u00e9tanque.\n                  <\/p>\n                <\/div>\n              <\/div>\n            <\/div>\n          <\/div>\n        <\/div>\n        <p class=\"u-align-center u-custom-font u-font-lobster u-text u-text-custom-color-1 u-text-default u-text-3\">Le Pr\u00e9sident<br>\n        <\/p>\n        <a href=\"https:\/\/labcs.fr\" class=\"u-align-center u-btn u-btn-round u-button-style u-hover-palette-1-light-1 u-palette-1-base u-radius u-btn-1\">RETOUR&nbsp;<span class=\"u-file-icon u-icon u-text-white\"><img decoding=\"async\" src=\"data:image\/png;base64,iVBORw0KGgoAAAANSUhEUgAAAIAAAACACAYAAADDPmHLAAAJP0lEQVR4Xu2daaweUxjHe+1C7btYipLSNkX5oIkt1AfkiiqJBGmKtESCSps01P1AFEklWmv6AVVbbi21VShFhIiQ0hSppRKxpEqISlCu\/59zr7nLe995Zs465znJk\/e97cw55\/k\/v\/fMzDPnzHSM0JK1Ah1Ze6\/Oj1AAModAAVAAMlcgc\/d1BFAAMlcgc\/d1BFAAMlcgc\/d1BFAAMlcgc\/d1BFAAMlcgc\/d1BFAAMlcgc\/d1BFAA0lOgp6fnUPT6dtgZsB7Yi7C5HR0d69LzJmyPkxsBEPxTINnTsJ0GSLcRf08CBJ+GlTSt1pMCAMGfAnmXwrZtIfMyAHBeWiEI29tkAEDwp0Gq+2FbDSPZRgCwR1hJ02o9CQAQ\/DmQdX4ZaQFAEj6V8cXHNlGLhcBvCREWwmaWFUMBKKvUf9tFCwCCvw369xDsAolLCoBErUgBQPB3hBvLYJNl7sAhPQSIJItuBEDw94YHL8COEXliNlYAZKpFBQCCPwrdfwk2WubG\/1srADLlogEAwR+Lrq+A7S9zof\/WCoBMvSgAQPBPRreZ3dtZ1v3BWysAMgWDA4Dgn4MuPwrbTtb1obdWAGQqBgWgZHZP5JECIJIrXB5Akt2TuKQASNQKkAeokt2TuKQASNTyDEDV7J7EJQVAopZHAOpk9yQuKQAStTwBUDe7J3FJAZCo5QEAG9k9iUsKgEQtxwDYyu5JXFIAJGo5BMBmdk\/ikgIgUcsRALazexKXFACJWg4AcJHdk7ikAEjUsgwAgn8jmu+SdSHI1pvQ6h\/GOJ28177G9\/WwL2FfwNYCKG7X2GLlXoDr7F5A9f9E21xn8CHsHdhb\/A4oNgfsk9WmawOA4HOO\/sOwXObj\/wpfX4dxNdIKwPC51Yh4rqwWAAg+V+fwPj5X6+Ra1sLxJ2CPA4ZPUhOhMgAmu8dfwdGpOe2wvx+g7sWwpYDhZ4ftWKu6EgBmcSbn7nGRppbBCvyGf3oMdgdAWBOzQGIAEHz+4jlrd5+YHYukb1y5zB\/KbQDhtUj61K8bIgBCZfdiFK5Cn3gFcUNsIJQGoMTK3AqaZLkLz5tmAYSPY\/C+FAAI\/gx0dhGMa\/W01FeA+YV7YF0A4af61VWvoS0ArubuVe9yo\/b8Ht7MBgRcAxmktASgwdm9IEK3afQZ\/P8MgPCd784NCYCPuXu+HU2gvR\/Qx+mAYLnPvg4CQLN7PuUf1BYvG3lucC1A+N1HT\/oB4HPung\/nEm7jffR9CiBY79qHPgA0u+daanH9G7DHVEDAG0\/Oyr8AhJi758yjZlXMuQiXAoIlrtzqQPCPQOVvw3Z11YjWW0sBnhfMAwQ31aqlxc4E4Cn8H1foaolbgQXo3nUAgUBYKwTgF9Q20lqNWpFLBe5D5VcAgr9tNaIA2FLSXz2EYKatkYAA8Glc5\/rrv7ZkQYEFAGCWhXpGEIDDUREnPOpJoA1F\/dVxPSC4uW5zehlYV8Fw+\/Nk8JK6l4iaCAoXQBstM108GRC8UbUyTQVXVS6e\/bioZWLVtPFQN4MqP6Y1Hk2y68m78PjEKjeQWt0Ozm2xRxOIWQQArpI6ohNCpIrFuz1PCjsBwbOSLuqUMIla8W\/LO4jjJTOL2gJAn0Mv+Y5f96h6+BwAOLtsj0oBYCCw+kjXsh3U7SopwMkkT5bZszQABgIuAh3qlW1l2tJt\/CnwLZoaU2Z9oggAA4GVx7r70yLblkrdLxADYCAYhc9aL3bINiz+HOfik3EYBYZ9kWYlAAwEfLWLLg\/3F9AqLbU9IawMgIFAs4ZVwuJ3H2YI32zVZC0ADASVXu\/mV4OsW1sJAE5zBoCBQPyCx6xD4t\/5k1rdMaw9AhR90YWk\/iNbssXnAcBZQ21rFQAzGgRdSg5H2\/oEUPlyqi1gO8C2h+0J2wu2r\/k8CJ+cLs\/ZUk14GTXvE4yFNHygVb\/SVqyShPXbLOTDJMoAIPEJvnCq3FGwibDjYcfBDpPUEcm2i6HNZV4AMCNBkKyhbQCGCh6g4KhA\/06H8QSLeZHYC5+Ouh\/04TKAvuJkBOitPcQDpXwAMDDS8JMjAu+VTDUjhFNda5DG6eT3egPAjAR8lJy3R8qFAKAoKGDg+QNBuAg2vkawXOz6HvThIczPCFAYCWq9EFqiRGgABsBwLP6+HHYhjEmzGApvEvU90dTbUOXrwRMxAVD4AfCRutNh18AOCExBv\/UE3gAwhwPncw1jBKAAwtZmNJiNzyMDgfARNOo7NHkFwEDgNGsYMwAFEKj7+TAu+Q5xSXkwdPqK\/fEOQEGEOfg+3\/avIAUABowI0\/B3F4xJKF+FTyTjItNwAJjRwHrWMCUACiAwIznPnCPwMOG6LIdOncEBMBBYnWuYIgAFEJh6vgvW8u6dJTKYDNoNWv0V7BBQdARXCNayhikDYH4QjAkPC3wiCO9ZuCoToNXqKAAwjluZa5g6AIXR4EB8fwDGH4eLciW0ujsaAAwEtbOGTQHA6ME7lswd8DkAvIS2WZZAq4ujAsA4XStr2CQACqMBX9LBJ7nYvOm0GlpNiA4AA0HluYZNBMBosjs+H4FNtjQM8BmEI6MEwDhcKWvYVACMJkyi8XDAHIqNMi5aAAoOL8T3mWW9bTIAhUMCrxKYyKmbM+iMGoCCw6WzhjkAYH4cnIzSDeONpqrl6iQAMA6XyRpuBABNmMNXKqDIn3CaGhfnVPX5zmQAMBBMwedSWKtLom4AwMkY2RRAwDt7r8A4sVVaupMCwEDQKmvIN26cAADWSVVIfXvztPeV8IMzmyVlVXIAGAgOweetMB4HeTnDlzLORfCTfpGzJHIDtwUEnLlMHSQjwZokAagjVJP3BQSc7\/cqrOz0s28UgIYRAQhOhUs8MeSazXblRwWgnUQJ\/j8g4IzkB2Ht4rup3QYJuq9dNudJzBjObaPGZgWgobxgFOCdRL6D8MxhXNygADQUADMK7IJPPkZ2dAs308sDNDheTlzDSDAGFa+CDcwRMG8ySUcAJ7LHVSkg4AhwC6x3dtHL+M4FIp8pAHHFyntvFADvksfVoAIQVzy890YB8C55XA0qAHHFw3tvFADvksfVoAIQVzy890YB8C55XA0qAHHFw3tvFADvksfVoAIQVzy890YB8C55XA0qAHHFw3tvFADvksfVoAIQVzy890YB8C55XA3+A8SPaKuu91ZiAAAAAElFTkSuQmCC\" alt=\"\"><\/span>\n        <\/a>\n      <\/div>\n    <\/section>\n    \n    \n    \n    \n  \n","protected":false},"excerpt":{"rendered":"<p>Pr\u00e9sentation de notre club de p\u00e9tanque &#8220;Les amis du bouling Club St\u00e9phanois&#8221; Bienvenue sur le site du club de p\u00e9tanque &#8220;Les amis du bouling Club St\u00e9phanois&#8221; situ\u00e9 \u00e0 Saint-Est\u00e8ve ! &hellip; <a href=\"https:\/\/labcs.fr\/index.php\/presentation\/\" class=\"more-link\">Continue reading<span class=\"screen-reader-text\"> &#8220;Pr\u00e9sentation&#8221;<\/span><\/a><\/p>\n","protected":false},"author":1,"featured_media":0,"parent":0,"menu_order":0,"comment_status":"closed","ping_status":"closed","template":"","meta":{"footnotes":""},"class_list":["post-22","page","type-page","status-publish","hentry"],"_links":{"self":[{"href":"https:\/\/labcs.fr\/index.php\/wp-json\/wp\/v2\/pages\/22","targetHints":{"allow":["GET"]}}],"collection":[{"href":"https:\/\/labcs.fr\/index.php\/wp-json\/wp\/v2\/pages"}],"about":[{"href":"https:\/\/labcs.fr\/index.php\/wp-json\/wp\/v2\/types\/page"}],"author":[{"embeddable":true,"href":"https:\/\/labcs.fr\/index.php\/wp-json\/wp\/v2\/users\/1"}],"replies":[{"embeddable":true,"href":"https:\/\/labcs.fr\/index.php\/wp-json\/wp\/v2\/comments?post=22"}],"version-history":[{"count":6,"href":"https:\/\/labcs.fr\/index.php\/wp-json\/wp\/v2\/pages\/22\/revisions"}],"predecessor-version":[{"id":916,"href":"https:\/\/labcs.fr\/index.php\/wp-json\/wp\/v2\/pages\/22\/revisions\/916"}],"wp:attachment":[{"href":"https:\/\/labcs.fr\/index.php\/wp-json\/wp\/v2\/media?parent=22"}],"curies":[{"name":"wp","href":"https:\/\/api.w.org\/{rel}","templated":true}]}}