{"id":350,"date":"2023-11-02T18:03:57","date_gmt":"2023-11-02T17:03:57","guid":{"rendered":"https:\/\/labcs.fr\/?page_id=350"},"modified":"2023-12-31T13:28:11","modified_gmt":"2023-12-31T12:28:11","slug":"liste-des-inscrits","status":"publish","type":"page","link":"https:\/\/labcs.fr\/index.php\/liste-des-inscrits\/","title":{"rendered":"Liste des inscrits"},"content":{"rendered":"\n    \n    <section class=\"u-clearfix u-section-2\" id=\"sec-245f\">\n      <div class=\"u-clearfix u-sheet u-sheet-1\">\n        <p class=\"u-align-center u-text u-text-default u-text-palette-1-dark-1 u-text-1\"><span class=\"u-icon u-icon-1\"><svg class=\"u-svg-content\" viewBox=\"0 0 55 55\" x=\"0px\" y=\"0px\" style=\"width: 1em; height: 1em;\"><path d=\"M55,27.5C55,12.337,42.663,0,27.5,0S0,12.337,0,27.5c0,8.009,3.444,15.228,8.926,20.258l-0.026,0.023l0.892,0.752\n\tc0.058,0.049,0.121,0.089,0.179,0.137c0.474,0.393,0.965,0.766,1.465,1.127c0.162,0.117,0.324,0.234,0.489,0.348\n\tc0.534,0.368,1.082,0.717,1.642,1.048c0.122,0.072,0.245,0.142,0.368,0.212c0.613,0.349,1.239,0.678,1.88,0.98\n\tc0.047,0.022,0.095,0.042,0.142,0.064c2.089,0.971,4.319,1.684,6.651,2.105c0.061,0.011,0.122,0.022,0.184,0.033\n\tc0.724,0.125,1.456,0.225,2.197,0.292c0.09,0.008,0.18,0.013,0.271,0.021C25.998,54.961,26.744,55,27.5,55\n\tc0.749,0,1.488-0.039,2.222-0.098c0.093-0.008,0.186-0.013,0.279-0.021c0.735-0.067,1.461-0.164,2.178-0.287\n\tc0.062-0.011,0.125-0.022,0.187-0.034c2.297-0.412,4.495-1.109,6.557-2.055c0.076-0.035,0.153-0.068,0.229-0.104\n\tc0.617-0.29,1.22-0.603,1.811-0.936c0.147-0.083,0.293-0.167,0.439-0.253c0.538-0.317,1.067-0.648,1.581-1\n\tc0.185-0.126,0.366-0.259,0.549-0.391c0.439-0.316,0.87-0.642,1.289-0.983c0.093-0.075,0.193-0.14,0.284-0.217l0.915-0.764\n\tl-0.027-0.023C51.523,42.802,55,35.55,55,27.5z M2,27.5C2,13.439,13.439,2,27.5,2S53,13.439,53,27.5\n\tc0,7.577-3.325,14.389-8.589,19.063c-0.294-0.203-0.59-0.385-0.893-0.537l-8.467-4.233c-0.76-0.38-1.232-1.144-1.232-1.993v-2.957\n\tc0.196-0.242,0.403-0.516,0.617-0.817c1.096-1.548,1.975-3.27,2.616-5.123c1.267-0.602,2.085-1.864,2.085-3.289v-3.545\n\tc0-0.867-0.318-1.708-0.887-2.369v-4.667c0.052-0.52,0.236-3.448-1.883-5.864C34.524,9.065,31.541,8,27.5,8\n\ts-7.024,1.065-8.867,3.168c-2.119,2.416-1.935,5.346-1.883,5.864v4.667c-0.568,0.661-0.887,1.502-0.887,2.369v3.545\n\tc0,1.101,0.494,2.128,1.34,2.821c0.81,3.173,2.477,5.575,3.093,6.389v2.894c0,0.816-0.445,1.566-1.162,1.958l-7.907,4.313\n\tc-0.252,0.137-0.502,0.297-0.752,0.476C5.276,41.792,2,35.022,2,27.5z\"><\/path><\/svg><\/span>&nbsp;Liste des inscrits sur le\u200b site<br>\n        <\/p>\n        <div class=\"u-expanded-width u-palette-1-light-3 u-shortcode u-shortcode-1\"><script type=\"text\/template\" id=\"tmpl-um-member-grid-FSCkJ\">\n\t<div class=\"um-members um-members-grid\">\n\t\t<div class=\"um-gutter-sizer\"><\/div>\n\n\t\t<# if ( data.length > 0 ) { #>\n\t\t\t<# _.each( data, function( user, key, list ) { #>\n\n\t\t\t\t<div id=\"um-member-{{{user.card_anchor}}}-FSCkJ\" class=\"um-member um-role-{{{user.role}}} {{{user.account_status}}} with-cover\">\n\n\t\t\t\t\t<span class=\"um-member-status {{{user.account_status}}}\">\n\t\t\t\t\t\t{{{user.account_status_name}}}\n\t\t\t\t\t<\/span>\n\n\t\t\t\t\t\t\t\t\t\t\t<div class=\"um-member-cover\" data-ratio=\"2.7:1\">\n\t\t\t\t\t\t\t<div class=\"um-member-cover-e\">\n\t\t\t\t\t\t\t\t<a href=\"{{{user.profile_url}}}\" title=\"<# if ( user.display_name ) { #>{{{user.display_name}}}<# } #>\">\n\t\t\t\t\t\t\t\t\t{{{user.cover_photo}}}\n\t\t\t\t\t\t\t\t<\/a>\n\t\t\t\t\t\t\t<\/div>\n\t\t\t\t\t\t<\/div>\n\t\t\t\t\t\t\t\t\t\t\t<div class=\"um-member-photo radius-1\">\n\t\t\t\t\t\t\t<a href=\"{{{user.profile_url}}}\" title=\"<# if ( user.display_name ) { #>{{{user.display_name}}}<# } #>\">\n\t\t\t\t\t\t\t\t{{{user.avatar}}}\n\t\t\t\t\t\t\t\t\t\t\t\t\t\t\t<\/a>\n\t\t\t\t\t\t<\/div>\n\t\t\t\t\t\n\n\t\t\t\t\t<div class=\"um-member-card \">\n\t\t\t\t\t\t\t\t\t\t\t\t\t<# if ( user.display_name_html ) { #>\n\t\t\t\t\t\t\t\t<div class=\"um-member-name\">\n\t\t\t\t\t\t\t\t\t<a href=\"{{{user.profile_url}}}\" title=\"{{{user.display_name}}}\">\n\t\t\t\t\t\t\t\t\t\t{{{user.display_name_html}}}\n\t\t\t\t\t\t\t\t\t<\/a>\n\t\t\t\t\t\t\t\t<\/div>\n\t\t\t\t\t\t\t<# } #>\n\t\t\t\t\t\t\t\t\t\t\t\t{{{user.hook_just_after_name}}}\n\n\n\t\t\t\t\t\t<# if ( user.can_edit ) { #>\n\t\t\t\t\t\t\t<div class=\"um-members-edit-btn\">\n\t\t\t\t\t\t\t\t<a href=\"{{{user.edit_profile_url}}}\" class=\"um-edit-profile-btn um-button um-alt\">\n\t\t\t\t\t\t\t\t\tModifier le profil\t\t\t\t\t\t\t\t<\/a>\n\t\t\t\t\t\t\t<\/div>\n\t\t\t\t\t\t<# } #>\n\n\n\t\t\t\t\t\t\t\t\t\t\t\t{{{user.hook_after_user_name}}}\n\n\n\t\t\t\t\t\t\n\t\t\t\t\t\t\t\t<# if ( typeof user['last_name'] !== 'undefined' ) { #>\n\t\t\t\t\t\t\t\t\t<div class=\"um-member-tagline um-member-tagline-last_name\"\n\t\t\t\t\t\t\t\t\t     data-key=\"last_name\">\n\t\t\t\t\t\t\t\t\t\t{{{user['last_name']}}}\n\t\t\t\t\t\t\t\t\t<\/div>\n\t\t\t\t\t\t\t\t<# } #>\n\n\t\t\t\t\t\t\t\n\t\t\t\t\t\t\t<# var $show_block = false; #>\n\n\t\t\t\t\t\t\t\t\t\t\t\t\t\t\t<# if ( typeof user['user_email'] !== 'undefined' ) {\n\t\t\t\t\t\t\t\t\t$show_block = true;\n\t\t\t\t\t\t\t\t} #>\n\t\t\t\t\t\t\t\t\t\t\t\t\t\t\t<# if ( typeof user['user_registered'] !== 'undefined' ) {\n\t\t\t\t\t\t\t\t\t$show_block = true;\n\t\t\t\t\t\t\t\t} #>\n\t\t\t\t\t\t\t\t\t\t\t\t\t\t\t<# if ( typeof user['_um_last_login'] !== 'undefined' ) {\n\t\t\t\t\t\t\t\t\t$show_block = true;\n\t\t\t\t\t\t\t\t} #>\n\t\t\t\t\t\t\t\t\t\t\t\t\t\t\t<# if ( typeof user['role_radio'] !== 'undefined' ) {\n\t\t\t\t\t\t\t\t\t$show_block = true;\n\t\t\t\t\t\t\t\t} #>\n\t\t\t\t\t\t\t\t\t\t\t\t\t\t\t<# if ( ! $show_block ) { #>\n\t\t\t\t\t\t\t\t\t<# $show_block = user.social_urls #>\n\t\t\t\t\t\t\t\t<# } #>\n\t\t\t\t\t\t\t\n\t\t\t\t\t\t\t<# if ( $show_block ) { #>\n\t\t\t\t\t\t\t\t<div class=\"um-member-meta-main\">\n\n\t\t\t\t\t\t\t\t\t\n\t\t\t\t\t\t\t\t\t<div class=\"um-member-meta no-animate\">\n\n\t\t\t\t\t\t\t\t\t\t\n\t\t\t\t\t\t\t\t\t\t\t<# if ( typeof user['user_email'] !== 'undefined' ) { #>\n\t\t\t\t\t\t\t\t\t\t\t\t<div class=\"um-member-metaline um-member-metaline-user_email\">\n\t\t\t\t\t\t\t\t\t\t\t\t\t<strong>{{{user['label_user_email']}}}:<\/strong> {{{user['user_email']}}}\n\t\t\t\t\t\t\t\t\t\t\t\t<\/div>\n\t\t\t\t\t\t\t\t\t\t\t<# } #>\n\n\t\t\t\t\t\t\t\t\t\t\n\t\t\t\t\t\t\t\t\t\t\t<# if ( typeof user['user_registered'] !== 'undefined' ) { #>\n\t\t\t\t\t\t\t\t\t\t\t\t<div class=\"um-member-metaline um-member-metaline-user_registered\">\n\t\t\t\t\t\t\t\t\t\t\t\t\t<strong>{{{user['label_user_registered']}}}:<\/strong> {{{user['user_registered']}}}\n\t\t\t\t\t\t\t\t\t\t\t\t<\/div>\n\t\t\t\t\t\t\t\t\t\t\t<# } #>\n\n\t\t\t\t\t\t\t\t\t\t\n\t\t\t\t\t\t\t\t\t\t\t<# if ( typeof user['_um_last_login'] !== 'undefined' ) { #>\n\t\t\t\t\t\t\t\t\t\t\t\t<div class=\"um-member-metaline um-member-metaline-_um_last_login\">\n\t\t\t\t\t\t\t\t\t\t\t\t\t<strong>{{{user['label__um_last_login']}}}:<\/strong> {{{user['_um_last_login']}}}\n\t\t\t\t\t\t\t\t\t\t\t\t<\/div>\n\t\t\t\t\t\t\t\t\t\t\t<# } #>\n\n\t\t\t\t\t\t\t\t\t\t\n\t\t\t\t\t\t\t\t\t\t\t<# if ( typeof user['role_radio'] !== 'undefined' ) { #>\n\t\t\t\t\t\t\t\t\t\t\t\t<div class=\"um-member-metaline um-member-metaline-role_radio\">\n\t\t\t\t\t\t\t\t\t\t\t\t\t<strong>{{{user['label_role_radio']}}}:<\/strong> {{{user['role_radio']}}}\n\t\t\t\t\t\t\t\t\t\t\t\t<\/div>\n\t\t\t\t\t\t\t\t\t\t\t<# } #>\n\n\t\t\t\t\t\t\t\t\t\t\t\t\t\t\t\t\t\t\t\t\t<div class=\"um-member-connect\">\n\t\t\t\t\t\t\t\t\t\t\t\t{{{user.social_urls}}}\n\t\t\t\t\t\t\t\t\t\t\t<\/div>\n\t\t\t\t\t\t\t\t\t\t\t\t\t\t\t\t\t\t\t<\/div>\n\n\t\t\t\t\t\t\t\t\t\t\t\t\t\t\t\t\t<\/div>\n\t\t\t\t\t\t\t<# } #>\n\t\t\t\t\t\t\n\t\t\t\t\t<\/div>\n\t\t\t\t<\/div>\n\n\t\t\t<# }); #>\n\t\t<# } else { #>\n\n\t\t\t<div class=\"um-members-none\">\n\t\t\t\t<p><\/p>\n\t\t\t<\/div>\n\n\t\t<# } #>\n\n\t\t<div class=\"um-clear\"><\/div>\n\t<\/div>\n<\/script>\n<script type=\"text\/template\" id=\"tmpl-um-member-list-FSCkJ\">\n\t<div class=\"um-members um-members-list\">\n\n\t\t<# if ( data.length > 0 ) { #>\n\t\t\t<# _.each( data, function( user, key, list ) { #>\n\n\t\t\t\t<div id=\"um-member-{{{user.card_anchor}}}-FSCkJ\" class=\"um-member um-role-{{{user.role}}} {{{user.account_status}}} with-cover\">\n\t\t\t\t\t<span class=\"um-member-status {{{user.account_status}}}\">\n\t\t\t\t\t\t{{{user.account_status_name}}}\n\t\t\t\t\t<\/span>\n\t\t\t\t\t<div class=\"um-member-card-container\">\n\t\t\t\t\t\t\t\t\t\t\t\t\t<div class=\"um-member-photo radius-1\">\n\t\t\t\t\t\t\t\t<a href=\"{{{user.profile_url}}}\" title=\"<# if ( user.display_name ) { #>{{{user.display_name}}}<# } #>\">\n\t\t\t\t\t\t\t\t\t{{{user.avatar}}}\n\n\t\t\t\t\t\t\t\t\t\t\t\t\t\t\t\t\t<\/a>\n\t\t\t\t\t\t\t<\/div>\n\t\t\t\t\t\t\n\t\t\t\t\t\t<div class=\"um-member-card \">\n\t\t\t\t\t\t\t<div class=\"um-member-card-content\">\n\t\t\t\t\t\t\t\t<div class=\"um-member-card-header\">\n\t\t\t\t\t\t\t\t\t\t\t\t\t\t\t\t\t\t\t<# if ( user.display_name_html ) { #>\n\t\t\t\t\t\t\t\t\t\t\t<div class=\"um-member-name\">\n\t\t\t\t\t\t\t\t\t\t\t\t<a href=\"{{{user.profile_url}}}\" title=\"<# if ( user.display_name ) { #>{{{user.display_name}}}<# } #>\">\n\t\t\t\t\t\t\t\t\t\t\t\t\t{{{user.display_name_html}}}\n\t\t\t\t\t\t\t\t\t\t\t\t<\/a>\n\t\t\t\t\t\t\t\t\t\t\t<\/div>\n\t\t\t\t\t\t\t\t\t\t<# } #>\n\t\t\t\t\t\t\t\t\t\n\t\t\t\t\t\t\t\t\t{{{user.hook_just_after_name}}}\n\n\t\t\t\t\t\t\t\t\t\n\t\t\t\t\t\t\t\t\t{{{user.hook_after_user_name}}}\n\t\t\t\t\t\t\t\t<\/div>\n\n\t\t\t\t\t\t\t\t\n\t\t\t\t\t\t\t\t\t\t<# if ( typeof user['last_name'] !== 'undefined' ) { #>\n\t\t\t\t\t\t\t\t\t\t\t<div class=\"um-member-tagline um-member-tagline-last_name\"\n\t\t\t\t\t\t\t\t\t\t\t     data-key=\"last_name\">\n\t\t\t\t\t\t\t\t\t\t\t\t{{{user['last_name']}}}\n\t\t\t\t\t\t\t\t\t\t\t<\/div>\n\t\t\t\t\t\t\t\t\t\t<# } #>\n\n\t\t\t\t\t\t\t\t\t\n\t\t\t\t\t\t\t\t\t<# var $show_block = false; #>\n\n\t\t\t\t\t\t\t\t\t\n\t\t\t\t\t\t\t\t\t\t<# if ( typeof user['user_email'] !== 'undefined' ) {\n\t\t\t\t\t\t\t\t\t\t\t$show_block = true;\n\t\t\t\t\t\t\t\t\t\t} #>\n\t\t\t\t\t\t\t\t\t\n\t\t\t\t\t\t\t\t\t\t<# if ( typeof user['user_registered'] !== 'undefined' ) {\n\t\t\t\t\t\t\t\t\t\t\t$show_block = true;\n\t\t\t\t\t\t\t\t\t\t} #>\n\t\t\t\t\t\t\t\t\t\n\t\t\t\t\t\t\t\t\t\t<# if ( typeof user['_um_last_login'] !== 'undefined' ) {\n\t\t\t\t\t\t\t\t\t\t\t$show_block = true;\n\t\t\t\t\t\t\t\t\t\t} #>\n\t\t\t\t\t\t\t\t\t\n\t\t\t\t\t\t\t\t\t\t<# if ( typeof user['role_radio'] !== 'undefined' ) {\n\t\t\t\t\t\t\t\t\t\t\t$show_block = true;\n\t\t\t\t\t\t\t\t\t\t} #>\n\t\t\t\t\t\t\t\t\t\t\t\t\t\t\t\t\t\t\t<# if ( ! $show_block ) { #>\n\t\t\t\t\t\t\t\t\t\t\t<# $show_block = user.social_urls #>\n\t\t\t\t\t\t\t\t\t\t<# } #>\n\t\t\t\t\t\t\t\t\t\n\t\t\t\t\t\t\t\t\t<# if ( $show_block ) { #>\n\t\t\t\t\t\t\t\t\t\t<div class=\"um-member-meta-main no-animate\">\n\n\t\t\t\t\t\t\t\t\t\t\t<div class=\"um-member-meta\">\n\t\t\t\t\t\t\t\t\t\t\t\t\n\t\t\t\t\t\t\t\t\t\t\t\t\t<# if ( typeof user['user_email'] !== 'undefined' ) { #>\n\t\t\t\t\t\t\t\t\t\t\t\t\t<div class=\"um-member-metaline um-member-metaline-user_email\">\n\t\t\t\t\t\t\t\t\t\t\t\t\t\t<strong>{{{user['label_user_email']}}}:<\/strong>&nbsp;{{{user['user_email']}}}\n\t\t\t\t\t\t\t\t\t\t\t\t\t<\/div>\n\t\t\t\t\t\t\t\t\t\t\t\t\t<# } #>\n\n\t\t\t\t\t\t\t\t\t\t\t\t\n\t\t\t\t\t\t\t\t\t\t\t\t\t<# if ( typeof user['user_registered'] !== 'undefined' ) { #>\n\t\t\t\t\t\t\t\t\t\t\t\t\t<div class=\"um-member-metaline um-member-metaline-user_registered\">\n\t\t\t\t\t\t\t\t\t\t\t\t\t\t<strong>{{{user['label_user_registered']}}}:<\/strong>&nbsp;{{{user['user_registered']}}}\n\t\t\t\t\t\t\t\t\t\t\t\t\t<\/div>\n\t\t\t\t\t\t\t\t\t\t\t\t\t<# } #>\n\n\t\t\t\t\t\t\t\t\t\t\t\t\n\t\t\t\t\t\t\t\t\t\t\t\t\t<# if ( typeof user['_um_last_login'] !== 'undefined' ) { #>\n\t\t\t\t\t\t\t\t\t\t\t\t\t<div class=\"um-member-metaline um-member-metaline-_um_last_login\">\n\t\t\t\t\t\t\t\t\t\t\t\t\t\t<strong>{{{user['label__um_last_login']}}}:<\/strong>&nbsp;{{{user['_um_last_login']}}}\n\t\t\t\t\t\t\t\t\t\t\t\t\t<\/div>\n\t\t\t\t\t\t\t\t\t\t\t\t\t<# } #>\n\n\t\t\t\t\t\t\t\t\t\t\t\t\n\t\t\t\t\t\t\t\t\t\t\t\t\t<# if ( typeof user['role_radio'] !== 'undefined' ) { #>\n\t\t\t\t\t\t\t\t\t\t\t\t\t<div class=\"um-member-metaline um-member-metaline-role_radio\">\n\t\t\t\t\t\t\t\t\t\t\t\t\t\t<strong>{{{user['label_role_radio']}}}:<\/strong>&nbsp;{{{user['role_radio']}}}\n\t\t\t\t\t\t\t\t\t\t\t\t\t<\/div>\n\t\t\t\t\t\t\t\t\t\t\t\t\t<# } #>\n\n\t\t\t\t\t\t\t\t\t\t\t\t\t\t\t\t\t\t\t\t\t\t\t\t\t<div class=\"um-member-connect\">\n\t\t\t\t\t\t\t\t\t\t\t\t\t\t{{{user.social_urls}}}\n\t\t\t\t\t\t\t\t\t\t\t\t\t<\/div>\n\t\t\t\t\t\t\t\t\t\t\t\t\t\t\t\t\t\t\t\t\t\t\t<\/div>\n\t\t\t\t\t\t\t\t\t\t<\/div>\n\t\t\t\t\t\t\t\t\t<# } #>\n\t\t\t\t\t\t\t\t\t\t\t\t\t\t\t<\/div>\n\n\t\t\t\t\t\t\t<div class=\"um-member-card-actions\">\n\n\t\t\t\t\t\t\t\t<# if ( Object.keys( user.dropdown_actions ).length > 0 ) { #>\n\t\t\t\t\t\t\t\t\t<div class=\"um-member-cog\">\n\t\t\t\t\t\t\t\t\t\t<a href=\"javascript:void(0);\" class=\"um-member-actions-a\">\n\t\t\t\t\t\t\t\t\t\t\t<i class=\"um-faicon-cog\"><\/i>\n\t\t\t\t\t\t\t\t\t\t<\/a>\n\t\t\t\t\t\t\t\t\t\t\n\t\t\t<div class=\"um-new-dropdown\" data-element=\".um-member-cog\" data-trigger=\"click\" data-parent=\"\">\n\t\t\t\t<ul>\n\t\t\t\t\t<# _.each( user.dropdown_actions, function( action, key, list ) { #>\n\t\t\t\t\t\t<li><a href=\"<# if ( typeof action.url != 'undefined' ) { #>{{{action.url}}}<# } else { #>javascript:void(0);<# }#>\" class=\"{{{key}}}\">{{{action.title}}}<\/a><\/li>\n\t\t\t\t\t<# }); #>\n\t\t\t\t<\/ul>\n\t\t\t<\/div>\n\n\t\t\t\t\t\t\t\t\t\t\t\t<\/div>\n\t\t\t\t\t\t\t\t<# } #>\n\n\t\t\t\t\t\t\t<\/div>\n\n\t\t\t\t\t\t<\/div>\n\t\t\t\t\t<\/div>\n\t\t\t\t\t<div class=\"um-member-card-footer  \">\n\n\t\t\t\t\t\t<div class=\"um-member-card-footer-buttons\">\n\t\t\t\t\t\t\t\t\t\t\t\t\t<\/div>\n\n\t\t\t\t\t\t\t\t\t\t\t<\/div>\n\t\t\t\t<\/div>\n\n\t\t\t<# }); #>\n\t\t<# } else { #>\n\n\t\t\t<div class=\"um-members-none\">\n\t\t\t\t<p><\/p>\n\t\t\t<\/div>\n\n\t\t<# } #>\n\n\t<\/div>\n<\/script>\n\n\n<script type=\"text\/template\" id=\"tmpl-um-members-header\">\n\t<div class=\"um-members-intro\">\n\t\t<div class=\"um-members-total\">\n\t\t\t<# if ( data.pagination.total_users == 1 ) { #>\n\t\t\t\t{{{data.pagination.header_single}}}\n\t\t\t<# } else if ( data.pagination.total_users > 1 ) { #>\n\t\t\t\t{{{data.pagination.header}}}\n\t\t\t<# } #>\n\t\t<\/div>\n\t<\/div>\n\n\t<div class=\"um-clear\"><\/div>\n<\/script>\n\n\n<script type=\"text\/template\" id=\"tmpl-um-members-pagination\">\n\t<# if ( data.pagination.pages_to_show.length > 0 ) { #>\n\t\t<div class=\"um-members-pagidrop uimob340-show uimob500-show\">\n\t\t\tAller \u00e0 la page\u00a0:\t\t\t<select class=\"um-s2 um-members-pagi-dropdown\" style=\"width: 100px;display:inline-block;\">\n\t\t\t\t<# _.each( data.pagination.pages_to_show, function( page, key, list ) { #>\n\t\t\t\t\t<option value=\"{{{page}}}\" <# if ( page == data.pagination.current_page ) { #>selected<# } #>>{{{page}}} sur {{{data.pagination.total_pages}}}<\/option>\n\t\t\t\t<# }); #>\n\t\t\t<\/select>\n\t\t<\/div>\n\n\t\t<div class=\"um-members-pagi uimob340-hide uimob500-hide\">\n\t\t\t<span class=\"pagi pagi-arrow <# if ( data.pagination.current_page == 1 ) { #>disabled<# } #>\" data-page=\"first\" aria-label=\"Premi\u00e8re page\"><i class=\"um-faicon-angle-double-left\"><\/i><\/span>\n\t\t\t<span class=\"pagi pagi-arrow <# if ( data.pagination.current_page == 1 ) { #>disabled<# } #>\" data-page=\"prev\" aria-label=\"Page pr\u00e9c\u00e9dente\"><i class=\"um-faicon-angle-left\"><\/i><\/span>\n\n\t\t\t<# _.each( data.pagination.pages_to_show, function( page, key, list ) { #>\n\t\t\t\t<span class=\"pagi <# if ( page == data.pagination.current_page ) { #>current<# } #>\" data-page=\"{{{page}}}\">{{{page}}}<\/span>\n\t\t\t<# }); #>\n\n\t\t\t<span class=\"pagi pagi-arrow <# if ( data.pagination.current_page == data.pagination.total_pages ) { #>disabled<# } #>\" data-page=\"next\" aria-label=\"Page suivante\"><i class=\"um-faicon-angle-right\"><\/i><\/span>\n\t\t\t<span class=\"pagi pagi-arrow <# if ( data.pagination.current_page == data.pagination.total_pages ) { #>disabled<# } #>\" data-page=\"last\" aria-label=\"Derni\u00e8re page\"><i class=\"um-faicon-angle-double-right\"><\/i><\/span>\n\t\t<\/div>\n\t<# } #>\n<\/script>\n\n<div class=\"um um-directory um-FSCkJ\"\n\t data-hash=\"FSCkJ\" data-base-post=\"350\"\n\t data-must-search=\"0\" data-searched=\"1\"\n\t data-view_type=\"list\" data-page=\"1\"\n\t data-sorting=\"last_first_name\">\n\t<div class=\"um-members-overlay\"><div class=\"um-ajax-loading\"><\/div><\/div>\n\n\t<div class=\"um-member-directory-header um-form\">\n\n\t\t\n\t\t\t\t\t<div class=\"um-member-directory-header-row\">\n\t\t\t\t<div class=\"um-member-directory-nav-line\">\n\t\t\t\t\t\t\t\t\t\t\t\t\t\t<span class=\"um-member-directory-view-type\">\n\t\t\t\t\t\t\t\t\t\n\t\t\t\t\t\t\t\t<a href=\"javascript:void(0)\"\n\t\t\t\t\t\t\t\t\tclass=\"um-member-directory-view-type-a um-tip-n\"\n\t\t\t\t\t\t\t\t\tdata-type=\"grid\"\n\t\t\t\t\t\t\t\t\tdata-default=\"0\"\n\t\t\t\t\t\t\t\t\ttitle=\"Changer pour Grille\"\n\t\t\t\t\t\t\t\t\tdefault-title=\"Grille\"\n\t\t\t\t\t\t\t\t\tnext-item=\"\" ><i class=\"um-faicon-th\"><\/i><\/a>\n\t\t\t\t\t\t\t\t\n\t\t\t\t\t\t\t\t<a href=\"javascript:void(0)\"\n\t\t\t\t\t\t\t\t\tclass=\"um-member-directory-view-type-a um-tip-n\"\n\t\t\t\t\t\t\t\t\tdata-type=\"list\"\n\t\t\t\t\t\t\t\t\tdata-default=\"1\"\n\t\t\t\t\t\t\t\t\ttitle=\"Changer pour Liste\"\n\t\t\t\t\t\t\t\t\tdefault-title=\"Liste\"\n\t\t\t\t\t\t\t\t\tnext-item=\"\" ><i class=\"um-faicon-list\"><\/i><\/a>\n\t\t\t\t\t\t\t\t\t\t\t\t\t\t\t<\/span>\n\t\t\t\t\t\t\t\t\t\t\t\t\t<div class=\"um-member-directory-sorting\">\n\t\t\t\t\t\t\t<span>Trier par\u00a0:&nbsp;<\/span>\n\t\t\t\t\t\t\t<div class=\"um-member-directory-sorting-a\">\n\t\t\t\t\t\t\t\t<a href=\"javascript:void(0);\" class=\"um-member-directory-sorting-a-text\">Nom & pr\u00e9nom<\/a>\n\t\t\t\t\t\t\t\t&nbsp;<i class=\"um-faicon-caret-down\"><\/i><i class=\"um-faicon-caret-up\"><\/i>\n\t\t\t\t\t\t\t<\/div>\n\t\t\t\t\t\t<\/div>\n\n\t\t\t\t\t\t\t\t\t\t\t\t\t\t\t\t\t\t\t\t\t\t\t\t\t\t\t\t\t\t\n\t\t\t<div class=\"um-new-dropdown\" data-element=\".um-member-directory-sorting-a\" data-trigger=\"click\" data-parent=\"\">\n\t\t\t\t<ul>\n\t\t\t\t\t\t\t\t\t\t\t<li><a href=\"javascript:void(0);\" data-directory-hash=\"FSCkJ\" class=\"um-sortyng-by-last_login\" data-value=\"last_login\" data-selected=\"0\" data-default=\"0\">Derni\u00e8re connexion<\/a><\/li>\n\t\t\t\t\t\t\t\t\t\t\t<li><a href=\"javascript:void(0);\" data-directory-hash=\"FSCkJ\" class=\"um-sortyng-by-username\" data-value=\"username\" data-selected=\"0\" data-default=\"0\">Identifiant<\/a><\/li>\n\t\t\t\t\t\t\t\t\t\t\t<li><a href=\"javascript:void(0);\" data-directory-hash=\"FSCkJ\" class=\"um-sortyng-by-last_first_name\" data-value=\"last_first_name\" data-selected=\"1\" data-default=\"1\">Nom & pr\u00e9nom<\/a><\/li>\n\t\t\t\t\t\t\t\t\t\t\t<li><a href=\"javascript:void(0);\" data-directory-hash=\"FSCkJ\" class=\"um-sortyng-by-nickname\" data-value=\"nickname\" data-selected=\"0\" data-default=\"0\">Pseudonyme<\/a><\/li>\n\t\t\t\t\t\t\t\t\t<\/ul>\n\t\t\t<\/div>\n\n\t\t\t\n\t\t\t\t\t\t\t\t\t<\/div>\n\t\t\t<\/div>\n\t\t\n\n\t\t\t<\/div>\n\n\t<div class=\"um-members-wrapper\"><\/div>\n\n\t<div class=\"um-members-pagination-box\"><\/div>\n\n\t\n<\/div>\n<\/div>\n      <\/div>\n    <\/section>\n    <section class=\"u-clearfix u-section-3\" id=\"sec-fec3\">\n      <div class=\"u-clearfix u-sheet u-sheet-1\">\n        <a href=\"https:\/\/labcs.fr\/index.php\/page-bureau\/\" class=\"u-align-center u-btn u-button-style u-hover-palette-1-dark-1 u-palette-1-base u-btn-1\">Retour<\/a>\n      <\/div>\n    <\/section>\n    \n    \n    \n    \n  \n","protected":false},"excerpt":{"rendered":"<p>&nbsp;Liste des inscrits sur le\u200b site Trier par\u00a0:&nbsp; Nom &#038; pr\u00e9nom &nbsp; Derni\u00e8re connexion Identifiant Nom &#038; pr\u00e9nom Pseudonyme Retour<\/p>\n","protected":false},"author":1,"featured_media":0,"parent":0,"menu_order":0,"comment_status":"closed","ping_status":"closed","template":"","meta":{"footnotes":""},"class_list":["post-350","page","type-page","status-publish","hentry"],"_links":{"self":[{"href":"https:\/\/labcs.fr\/index.php\/wp-json\/wp\/v2\/pages\/350","targetHints":{"allow":["GET"]}}],"collection":[{"href":"https:\/\/labcs.fr\/index.php\/wp-json\/wp\/v2\/pages"}],"about":[{"href":"https:\/\/labcs.fr\/index.php\/wp-json\/wp\/v2\/types\/page"}],"author":[{"embeddable":true,"href":"https:\/\/labcs.fr\/index.php\/wp-json\/wp\/v2\/users\/1"}],"replies":[{"embeddable":true,"href":"https:\/\/labcs.fr\/index.php\/wp-json\/wp\/v2\/comments?post=350"}],"version-history":[{"count":11,"href":"https:\/\/labcs.fr\/index.php\/wp-json\/wp\/v2\/pages\/350\/revisions"}],"predecessor-version":[{"id":966,"href":"https:\/\/labcs.fr\/index.php\/wp-json\/wp\/v2\/pages\/350\/revisions\/966"}],"wp:attachment":[{"href":"https:\/\/labcs.fr\/index.php\/wp-json\/wp\/v2\/media?parent=350"}],"curies":[{"name":"wp","href":"https:\/\/api.w.org\/{rel}","templated":true}]}}